{"id":18906,"date":"2021-06-25T20:42:53","date_gmt":"2021-06-25T18:42:53","guid":{"rendered":"https:\/\/myplace.co.me\/?page_id=18906"},"modified":"2021-06-25T20:51:13","modified_gmt":"2021-06-25T18:51:13","slug":"home","status":"publish","type":"page","link":"https:\/\/myplace.co.me\/en\/","title":{"rendered":"Home"},"content":{"rendered":"\t\t<div data-elementor-type=\"wp-page\" data-elementor-id=\"18906\" class=\"elementor elementor-18906\" data-elementor-settings=\"[]\">\n\t\t\t\t\t\t\t<div class=\"elementor-section-wrap\">\n\t\t\t\t\t\t\t<section class=\"elementor-section elementor-top-section elementor-element elementor-element-9cf0aa7 elementor-section-stretched elementor-section-boxed elementor-section-height-default elementor-section-height-default\" data-id=\"9cf0aa7\" data-element_type=\"section\" data-settings=\"{&quot;stretch_section&quot;:&quot;section-stretched&quot;,&quot;background_background&quot;:&quot;classic&quot;}\">\n\t\t\t\t\t\t<div class=\"elementor-container elementor-column-gap-default\">\n\t\t\t\t\t<div class=\"elementor-column elementor-col-100 elementor-top-column elementor-element elementor-element-23b07db\" data-id=\"23b07db\" data-element_type=\"column\">\n\t\t\t<div class=\"elementor-widget-wrap elementor-element-populated\">\n\t\t\t\t\t\t\t\t<section class=\"elementor-section elementor-inner-section elementor-element elementor-element-37907d6 elementor-section-boxed elementor-section-height-default elementor-section-height-default elementor-invisible\" data-id=\"37907d6\" data-element_type=\"section\" data-settings=\"{&quot;animation&quot;:&quot;fadeIn&quot;,&quot;animation_delay&quot;:200}\">\n\t\t\t\t\t\t<div class=\"elementor-container elementor-column-gap-default\">\n\t\t\t\t\t<div class=\"elementor-column elementor-col-33 elementor-inner-column elementor-element elementor-element-2b4b24c\" data-id=\"2b4b24c\" data-element_type=\"column\">\n\t\t\t<div class=\"elementor-widget-wrap\">\n\t\t\t\t\t\t\t\t\t<\/div>\n\t\t<\/div>\n\t\t\t\t<div class=\"elementor-column elementor-col-33 elementor-inner-column elementor-element elementor-element-7909e29\" data-id=\"7909e29\" data-element_type=\"column\">\n\t\t\t<div class=\"elementor-widget-wrap elementor-element-populated\">\n\t\t\t\t\t\t\t\t<div class=\"elementor-element elementor-element-cda46ed elementor-widget elementor-widget-heading\" data-id=\"cda46ed\" data-element_type=\"widget\" data-widget_type=\"heading.default\">\n\t\t\t\t<div class=\"elementor-widget-container\">\n\t\t\t<h2 class=\"elementor-heading-title elementor-size-default\">Najnovije nekretnine<\/h2>\t\t<\/div>\n\t\t\t\t<\/div>\n\t\t\t\t\t<\/div>\n\t\t<\/div>\n\t\t\t\t<div class=\"elementor-column elementor-col-33 elementor-inner-column elementor-element elementor-element-8baf1bb\" data-id=\"8baf1bb\" data-element_type=\"column\">\n\t\t\t<div class=\"elementor-widget-wrap\">\n\t\t\t\t\t\t\t\t\t<\/div>\n\t\t<\/div>\n\t\t\t\t\t\t\t<\/div>\n\t\t<\/section>\n\t\t\t\t<div class=\"elementor-element elementor-element-95c1f5f elementor-widget elementor-widget-WpResidenc_Items_Slider\" data-id=\"95c1f5f\" data-element_type=\"widget\" data-widget_type=\"WpResidenc_Items_Slider.default\">\n\t\t\t\t<div class=\"elementor-widget-container\">\n\t\t\tcancle filter <div class=\"article_container slider_container bottom-properties nobutton  \" ><div class=\"shortcode_slider_wrapper\" ><div class=\"shortcode_slider_list slider_no11878 arrow_class_top \" data-items-per-row=\"3\"  data-auto=\"0\" ><\/div><\/div><\/div>\t\t<\/div>\n\t\t\t\t<\/div>\n\t\t\t\t\t<\/div>\n\t\t<\/div>\n\t\t\t\t\t\t\t<\/div>\n\t\t<\/section>\n\t\t\t\t<section class=\"elementor-section elementor-top-section elementor-element elementor-element-98d50a9 elementor-section-full_width elementor-section-height-default elementor-section-height-default\" data-id=\"98d50a9\" data-element_type=\"section\" data-settings=\"{&quot;background_background&quot;:&quot;classic&quot;}\">\n\t\t\t\t\t\t<div class=\"elementor-container elementor-column-gap-no\">\n\t\t\t\t\t<div class=\"elementor-column elementor-col-100 elementor-top-column elementor-element elementor-element-bd93a25\" data-id=\"bd93a25\" data-element_type=\"column\">\n\t\t\t<div class=\"elementor-widget-wrap elementor-element-populated\">\n\t\t\t\t\t\t\t\t<section class=\"elementor-section elementor-inner-section elementor-element elementor-element-a740587 elementor-section-boxed elementor-section-height-default elementor-section-height-default elementor-invisible\" data-id=\"a740587\" data-element_type=\"section\" data-settings=\"{&quot;animation&quot;:&quot;fadeIn&quot;,&quot;animation_delay&quot;:200}\">\n\t\t\t\t\t\t<div class=\"elementor-container elementor-column-gap-default\">\n\t\t\t\t\t<div class=\"elementor-column elementor-col-33 elementor-inner-column elementor-element elementor-element-2ea3d9a\" data-id=\"2ea3d9a\" data-element_type=\"column\">\n\t\t\t<div class=\"elementor-widget-wrap\">\n\t\t\t\t\t\t\t\t\t<\/div>\n\t\t<\/div>\n\t\t\t\t<div class=\"elementor-column elementor-col-33 elementor-inner-column elementor-element elementor-element-1e08c92\" data-id=\"1e08c92\" data-element_type=\"column\">\n\t\t\t<div class=\"elementor-widget-wrap elementor-element-populated\">\n\t\t\t\t\t\t\t\t<div class=\"elementor-element elementor-element-a5a8c32 elementor-widget elementor-widget-heading\" data-id=\"a5a8c32\" data-element_type=\"widget\" data-widget_type=\"heading.default\">\n\t\t\t\t<div class=\"elementor-widget-container\">\n\t\t\t<h2 class=\"elementor-heading-title elementor-size-default\">Popularne lokacije<\/h2>\t\t<\/div>\n\t\t\t\t<\/div>\n\t\t\t\t\t<\/div>\n\t\t<\/div>\n\t\t\t\t<div class=\"elementor-column elementor-col-33 elementor-inner-column elementor-element elementor-element-905fa45\" data-id=\"905fa45\" data-element_type=\"column\">\n\t\t\t<div class=\"elementor-widget-wrap\">\n\t\t\t\t\t\t\t\t\t<\/div>\n\t\t<\/div>\n\t\t\t\t\t\t\t<\/div>\n\t\t<\/section>\n\t\t\t\t<section class=\"elementor-section elementor-inner-section elementor-element elementor-element-495951e elementor-section-boxed elementor-section-height-default elementor-section-height-default\" data-id=\"495951e\" data-element_type=\"section\">\n\t\t\t\t\t\t<div class=\"elementor-container elementor-column-gap-narrow\">\n\t\t\t\t\t<div class=\"elementor-column elementor-col-33 elementor-inner-column elementor-element elementor-element-e1153d1 elementor-invisible\" data-id=\"e1153d1\" data-element_type=\"column\" data-settings=\"{&quot;animation&quot;:&quot;fadeIn&quot;,&quot;animation_delay&quot;:200}\">\n\t\t\t<div class=\"elementor-widget-wrap elementor-element-populated\">\n\t\t\t\t\t\t\t\t<div class=\"elementor-element elementor-element-75ba33d elementor-widget elementor-widget-WpResidence_Display_Categories\" data-id=\"75ba33d\" data-element_type=\"widget\" data-widget_type=\"WpResidence_Display_Categories.default\">\n\t\t\t\t<div class=\"elementor-widget-container\">\n\t\t\t<div class=\"article_container places_list_2 one_row \">\n<div class=\"places_wrapper_type_2\" style=\"background-image: url(https:\/\/myplace.co.me\/wp-content\/uploads\/2021\/06\/podgorica-824440_1600-980x777.jpg);min-height:100px;height:1px;\">\n\n    <div class=\"places_cover\" data-link=\"https:\/\/myplace.co.me\/grad\/podgorica\/\" ><\/div>\n    <div class=\"places_type_2_content\"  >\n        <h4><a href=\"https:\/\/myplace.co.me\/grad\/podgorica\/\">\n            Podgorica            <\/a>\n        <\/h4>\n\n        <div class=\"places_type_2_tagline\">\n                    <\/div>\n\n        <div class=\"places_type_2_listings_no\">\n            116 Listings        <\/div>\n\n    <\/div>\n<\/div>\n<\/div>\t\t<\/div>\n\t\t\t\t<\/div>\n\t\t\t\t\t<\/div>\n\t\t<\/div>\n\t\t\t\t<div class=\"elementor-column elementor-col-33 elementor-inner-column elementor-element elementor-element-6b405b8 elementor-invisible\" data-id=\"6b405b8\" data-element_type=\"column\" data-settings=\"{&quot;animation&quot;:&quot;fadeIn&quot;,&quot;animation_delay&quot;:200}\">\n\t\t\t<div class=\"elementor-widget-wrap elementor-element-populated\">\n\t\t\t\t\t\t\t\t<div class=\"elementor-element elementor-element-2e2d4dd elementor-widget elementor-widget-WpResidence_Display_Categories\" data-id=\"2e2d4dd\" data-element_type=\"widget\" data-widget_type=\"WpResidence_Display_Categories.default\">\n\t\t\t\t<div class=\"elementor-widget-container\">\n\t\t\t<div class=\"article_container places_list_2 one_row \">\n<div class=\"places_wrapper_type_2\" style=\"background-image: url(https:\/\/myplace.co.me\/wp-content\/uploads\/2021\/06\/budva-980x777.jpg);min-height:100px;height:1px;\">\n\n    <div class=\"places_cover\" data-link=\"https:\/\/myplace.co.me\/grad\/budva\/\" ><\/div>\n    <div class=\"places_type_2_content\"  >\n        <h4><a href=\"https:\/\/myplace.co.me\/grad\/budva\/\">\n            Budva            <\/a>\n        <\/h4>\n\n        <div class=\"places_type_2_tagline\">\n                    <\/div>\n\n        <div class=\"places_type_2_listings_no\">\n            23 Listings        <\/div>\n\n    <\/div>\n<\/div>\n<\/div>\t\t<\/div>\n\t\t\t\t<\/div>\n\t\t\t\t\t<\/div>\n\t\t<\/div>\n\t\t\t\t<div class=\"elementor-column elementor-col-33 elementor-inner-column elementor-element elementor-element-e58f171 elementor-invisible\" data-id=\"e58f171\" data-element_type=\"column\" data-settings=\"{&quot;animation&quot;:&quot;fadeIn&quot;,&quot;animation_delay&quot;:200}\">\n\t\t\t<div class=\"elementor-widget-wrap elementor-element-populated\">\n\t\t\t\t\t\t\t\t<div class=\"elementor-element elementor-element-0194b4e elementor-widget elementor-widget-WpResidence_Display_Categories\" data-id=\"0194b4e\" data-element_type=\"widget\" data-widget_type=\"WpResidence_Display_Categories.default\">\n\t\t\t\t<div class=\"elementor-widget-container\">\n\t\t\t<div class=\"article_container places_list_2 one_row \">\n<div class=\"places_wrapper_type_2\" style=\"background-image: url(https:\/\/myplace.co.me\/wp-content\/uploads\/2021\/06\/bar-980x555.jpg);min-height:100px;height:1px;\">\n\n    <div class=\"places_cover\" data-link=\"https:\/\/myplace.co.me\/grad\/bar\/\" ><\/div>\n    <div class=\"places_type_2_content\"  >\n        <h4><a href=\"https:\/\/myplace.co.me\/grad\/bar\/\">\n            Bar            <\/a>\n        <\/h4>\n\n        <div class=\"places_type_2_tagline\">\n                    <\/div>\n\n        <div class=\"places_type_2_listings_no\">\n            3 Listings        <\/div>\n\n    <\/div>\n<\/div>\n<\/div>\t\t<\/div>\n\t\t\t\t<\/div>\n\t\t\t\t\t<\/div>\n\t\t<\/div>\n\t\t\t\t\t\t\t<\/div>\n\t\t<\/section>\n\t\t\t\t<section class=\"elementor-section elementor-inner-section elementor-element elementor-element-830946f elementor-section-boxed elementor-section-height-default elementor-section-height-default\" data-id=\"830946f\" data-element_type=\"section\">\n\t\t\t\t\t\t<div class=\"elementor-container elementor-column-gap-narrow\">\n\t\t\t\t\t<div class=\"elementor-column elementor-col-50 elementor-inner-column elementor-element elementor-element-546bac5 elementor-invisible\" data-id=\"546bac5\" data-element_type=\"column\" data-settings=\"{&quot;animation&quot;:&quot;fadeIn&quot;,&quot;animation_delay&quot;:200}\">\n\t\t\t<div class=\"elementor-widget-wrap elementor-element-populated\">\n\t\t\t\t\t\t\t\t<div class=\"elementor-element elementor-element-90776e8 elementor-widget elementor-widget-WpResidence_Display_Categories\" data-id=\"90776e8\" data-element_type=\"widget\" data-widget_type=\"WpResidence_Display_Categories.default\">\n\t\t\t\t<div class=\"elementor-widget-container\">\n\t\t\t<div class=\"article_container places_list_2 one_row \">\n<div class=\"places_wrapper_type_2\" style=\"background-image: url(https:\/\/myplace.co.me\/wp-content\/uploads\/2021\/05\/niksic-980x600.jpg);min-height:100px;height:1px;\">\n\n    <div class=\"places_cover\" data-link=\"https:\/\/myplace.co.me\/grad\/niksic\/\" ><\/div>\n    <div class=\"places_type_2_content\"  >\n        <h4><a href=\"https:\/\/myplace.co.me\/grad\/niksic\/\">\n            Nik\u0161i\u0107            <\/a>\n        <\/h4>\n\n        <div class=\"places_type_2_tagline\">\n                    <\/div>\n\n        <div class=\"places_type_2_listings_no\">\n            0 Listings        <\/div>\n\n    <\/div>\n<\/div>\n<\/div>\t\t<\/div>\n\t\t\t\t<\/div>\n\t\t\t\t\t<\/div>\n\t\t<\/div>\n\t\t\t\t<div class=\"elementor-column elementor-col-50 elementor-inner-column elementor-element elementor-element-f184020 elementor-invisible\" data-id=\"f184020\" data-element_type=\"column\" data-settings=\"{&quot;animation&quot;:&quot;fadeIn&quot;,&quot;animation_delay&quot;:200}\">\n\t\t\t<div class=\"elementor-widget-wrap elementor-element-populated\">\n\t\t\t\t\t\t\t\t<div class=\"elementor-element elementor-element-1b91085 elementor-widget elementor-widget-WpResidence_Display_Categories\" data-id=\"1b91085\" data-element_type=\"widget\" data-widget_type=\"WpResidence_Display_Categories.default\">\n\t\t\t\t<div class=\"elementor-widget-container\">\n\t\t\t<div class=\"article_container places_list_2 one_row \">\n<div class=\"places_wrapper_type_2\" style=\"background-image: url(https:\/\/myplace.co.me\/wp-content\/uploads\/2021\/05\/kotor44-980x777.jpg);min-height:100px;height:1px;\">\n\n    <div class=\"places_cover\" data-link=\"https:\/\/myplace.co.me\/grad\/kotor\/\" ><\/div>\n    <div class=\"places_type_2_content\"  >\n        <h4><a href=\"https:\/\/myplace.co.me\/grad\/kotor\/\">\n            Kotor            <\/a>\n        <\/h4>\n\n        <div class=\"places_type_2_tagline\">\n                    <\/div>\n\n        <div class=\"places_type_2_listings_no\">\n            10 Listings        <\/div>\n\n    <\/div>\n<\/div>\n<\/div>\t\t<\/div>\n\t\t\t\t<\/div>\n\t\t\t\t\t<\/div>\n\t\t<\/div>\n\t\t\t\t\t\t\t<\/div>\n\t\t<\/section>\n\t\t\t\t\t<\/div>\n\t\t<\/div>\n\t\t\t\t\t\t\t<\/div>\n\t\t<\/section>\n\t\t\t\t<section class=\"elementor-section elementor-top-section elementor-element elementor-element-2a9acc0 elementor-section-stretched elementor-section-boxed elementor-section-height-default elementor-section-height-default\" data-id=\"2a9acc0\" data-element_type=\"section\" data-settings=\"{&quot;stretch_section&quot;:&quot;section-stretched&quot;,&quot;background_background&quot;:&quot;classic&quot;}\">\n\t\t\t\t\t\t<div class=\"elementor-container elementor-column-gap-no\">\n\t\t\t\t\t<div class=\"elementor-column elementor-col-100 elementor-top-column elementor-element elementor-element-e9bef1a\" data-id=\"e9bef1a\" data-element_type=\"column\">\n\t\t\t<div class=\"elementor-widget-wrap elementor-element-populated\">\n\t\t\t\t\t\t\t\t<section class=\"elementor-section elementor-inner-section elementor-element elementor-element-11012da elementor-section-boxed elementor-section-height-default elementor-section-height-default elementor-invisible\" data-id=\"11012da\" data-element_type=\"section\" data-settings=\"{&quot;animation&quot;:&quot;fadeIn&quot;,&quot;animation_delay&quot;:200}\">\n\t\t\t\t\t\t<div class=\"elementor-container elementor-column-gap-default\">\n\t\t\t\t\t<div class=\"elementor-column elementor-col-33 elementor-inner-column elementor-element elementor-element-2522c5b\" data-id=\"2522c5b\" data-element_type=\"column\">\n\t\t\t<div class=\"elementor-widget-wrap\">\n\t\t\t\t\t\t\t\t\t<\/div>\n\t\t<\/div>\n\t\t\t\t<div class=\"elementor-column elementor-col-33 elementor-inner-column elementor-element elementor-element-884bc19\" data-id=\"884bc19\" data-element_type=\"column\">\n\t\t\t<div class=\"elementor-widget-wrap elementor-element-populated\">\n\t\t\t\t\t\t\t\t<div class=\"elementor-element elementor-element-eeb4652 elementor-widget elementor-widget-heading\" data-id=\"eeb4652\" data-element_type=\"widget\" data-widget_type=\"heading.default\">\n\t\t\t\t<div class=\"elementor-widget-container\">\n\t\t\t<h2 class=\"elementor-heading-title elementor-size-default\">Istaknute nekretnine<\/h2>\t\t<\/div>\n\t\t\t\t<\/div>\n\t\t\t\t\t<\/div>\n\t\t<\/div>\n\t\t\t\t<div class=\"elementor-column elementor-col-33 elementor-inner-column elementor-element elementor-element-b711bf0\" data-id=\"b711bf0\" data-element_type=\"column\">\n\t\t\t<div class=\"elementor-widget-wrap\">\n\t\t\t\t\t\t\t\t\t<\/div>\n\t\t<\/div>\n\t\t\t\t\t\t\t<\/div>\n\t\t<\/section>\n\t\t\t\t<div class=\"elementor-element elementor-element-9855152 elementor-widget elementor-widget-WpResidenc_Items_Slider\" data-id=\"9855152\" data-element_type=\"widget\" data-widget_type=\"WpResidenc_Items_Slider.default\">\n\t\t\t\t<div class=\"elementor-widget-container\">\n\t\t\tcancle filter <div class=\"article_container slider_container bottom-properties nobutton  \" ><div class=\"shortcode_slider_wrapper\" ><div class=\"shortcode_slider_list slider_no62557 arrow_class_top \" data-items-per-row=\"3\"  data-auto=\"0\" ><\/div><\/div><\/div>\t\t<\/div>\n\t\t\t\t<\/div>\n\t\t\t\t\t<\/div>\n\t\t<\/div>\n\t\t\t\t\t\t\t<\/div>\n\t\t<\/section>\n\t\t\t\t<section class=\"elementor-section elementor-top-section elementor-element elementor-element-2d4ed540 elementor-section-stretched elementor-section-boxed elementor-section-height-default elementor-section-height-default\" data-id=\"2d4ed540\" data-element_type=\"section\" data-settings=\"{&quot;stretch_section&quot;:&quot;section-stretched&quot;,&quot;background_background&quot;:&quot;classic&quot;}\">\n\t\t\t\t\t\t<div class=\"elementor-container elementor-column-gap-no\">\n\t\t\t\t\t<div class=\"elementor-column elementor-col-100 elementor-top-column elementor-element elementor-element-518b6cee\" data-id=\"518b6cee\" data-element_type=\"column\">\n\t\t\t<div class=\"elementor-widget-wrap elementor-element-populated\">\n\t\t\t\t\t\t\t\t<section class=\"elementor-section elementor-inner-section elementor-element elementor-element-10a6d93 elementor-section-boxed elementor-section-height-default elementor-section-height-default\" data-id=\"10a6d93\" data-element_type=\"section\">\n\t\t\t\t\t\t<div class=\"elementor-container elementor-column-gap-default\">\n\t\t\t\t\t<div class=\"elementor-column elementor-col-50 elementor-inner-column elementor-element elementor-element-2cb2bc7\" data-id=\"2cb2bc7\" data-element_type=\"column\">\n\t\t\t<div class=\"elementor-widget-wrap elementor-element-populated\">\n\t\t\t\t\t\t\t\t<div class=\"elementor-element elementor-element-51324e4c elementor-invisible elementor-widget elementor-widget-heading\" data-id=\"51324e4c\" data-element_type=\"widget\" data-settings=\"{&quot;_animation&quot;:&quot;fadeIn&quot;,&quot;_animation_delay&quot;:200}\" data-widget_type=\"heading.default\">\n\t\t\t\t<div class=\"elementor-widget-container\">\n\t\t\t<h2 class=\"elementor-heading-title elementor-size-default\">Na putu ostvarenja Va\u0161ih \u017eelja nudimo vam sve na jednom mjestu<\/h2>\t\t<\/div>\n\t\t\t\t<\/div>\n\t\t\t\t<div class=\"elementor-element elementor-element-ea60cd2 elementor-widget elementor-widget-spacer\" data-id=\"ea60cd2\" data-element_type=\"widget\" data-widget_type=\"spacer.default\">\n\t\t\t\t<div class=\"elementor-widget-container\">\n\t\t\t\t\t<div class=\"elementor-spacer\">\n\t\t\t<div class=\"elementor-spacer-inner\"><\/div>\n\t\t<\/div>\n\t\t\t\t<\/div>\n\t\t\t\t<\/div>\n\t\t\t\t<div class=\"elementor-element elementor-element-7df1b654 elementor-view-stacked elementor-position-left elementor-shape-circle elementor-vertical-align-top elementor-invisible elementor-widget elementor-widget-icon-box\" data-id=\"7df1b654\" data-element_type=\"widget\" data-settings=\"{&quot;_animation&quot;:&quot;fadeIn&quot;,&quot;_animation_delay&quot;:200}\" data-widget_type=\"icon-box.default\">\n\t\t\t\t<div class=\"elementor-widget-container\">\n\t\t\t\t\t<div class=\"elementor-icon-box-wrapper\">\n\t\t\t\t\t\t<div class=\"elementor-icon-box-icon\">\n\t\t\t\t<span class=\"elementor-icon elementor-animation-\" >\n\t\t\t\t<i aria-hidden=\"true\" class=\"far fa-building\"><\/i>\t\t\t\t<\/span>\n\t\t\t<\/div>\n\t\t\t\t\t\t<div class=\"elementor-icon-box-content\">\n\t\t\t\t<h3 class=\"elementor-icon-box-title\">\n\t\t\t\t\t<span >Konsalting za gradjevinske usluge: niskogradnja i visokogradnja<\/span>\n\t\t\t\t<\/h3>\n\t\t\t\t\t\t\t\t<p class=\"elementor-icon-box-description\">Saradnju sa vode\u0107im gradjevinskim firmama u oblasti niskogradnje i visokogradnje.<\/p>\n\t\t\t\t\t\t\t<\/div>\n\t\t<\/div>\n\t\t\t\t<\/div>\n\t\t\t\t<\/div>\n\t\t\t\t<div class=\"elementor-element elementor-element-2bd03da1 elementor-view-stacked elementor-position-left elementor-shape-circle elementor-vertical-align-top elementor-invisible elementor-widget elementor-widget-icon-box\" data-id=\"2bd03da1\" data-element_type=\"widget\" data-settings=\"{&quot;_animation&quot;:&quot;fadeIn&quot;,&quot;_animation_delay&quot;:200}\" data-widget_type=\"icon-box.default\">\n\t\t\t\t<div class=\"elementor-widget-container\">\n\t\t\t\t\t<div class=\"elementor-icon-box-wrapper\">\n\t\t\t\t\t\t<div class=\"elementor-icon-box-icon\">\n\t\t\t\t<span class=\"elementor-icon elementor-animation-\" >\n\t\t\t\t<i aria-hidden=\"true\" class=\"fas fa-ruler-combined\"><\/i>\t\t\t\t<\/span>\n\t\t\t<\/div>\n\t\t\t\t\t\t<div class=\"elementor-icon-box-content\">\n\t\t\t\t<h3 class=\"elementor-icon-box-title\">\n\t\t\t\t\t<span >Konsalting za arhitekturu i projektovanje<\/span>\n\t\t\t\t<\/h3>\n\t\t\t\t\t\t\t\t<p class=\"elementor-icon-box-description\">Predstavite Va\u0161e \u017eelje na\u0161em timu arhitekata.<\/p>\n\t\t\t\t\t\t\t<\/div>\n\t\t<\/div>\n\t\t\t\t<\/div>\n\t\t\t\t<\/div>\n\t\t\t\t<div class=\"elementor-element elementor-element-599562a0 elementor-view-stacked elementor-position-left elementor-shape-circle elementor-vertical-align-top elementor-invisible elementor-widget elementor-widget-icon-box\" data-id=\"599562a0\" data-element_type=\"widget\" data-settings=\"{&quot;_animation&quot;:&quot;fadeIn&quot;,&quot;_animation_delay&quot;:200}\" data-widget_type=\"icon-box.default\">\n\t\t\t\t<div class=\"elementor-widget-container\">\n\t\t\t\t\t<div class=\"elementor-icon-box-wrapper\">\n\t\t\t\t\t\t<div class=\"elementor-icon-box-icon\">\n\t\t\t\t<span class=\"elementor-icon elementor-animation-\" >\n\t\t\t\t<i aria-hidden=\"true\" class=\"fas fa-hammer\"><\/i>\t\t\t\t<\/span>\n\t\t\t<\/div>\n\t\t\t\t\t\t<div class=\"elementor-icon-box-content\">\n\t\t\t\t<h3 class=\"elementor-icon-box-title\">\n\t\t\t\t\t<span >Konsalting za adaptaciju i renoviranje<\/span>\n\t\t\t\t<\/h3>\n\t\t\t\t\t\t\t\t<p class=\"elementor-icon-box-description\">Stru\u010dni tim \u0107e Vam predstaviti najbolje i najljep\u0161e re\u0161enje po pitanju adaptacije ili renoviranja.<\/p>\n\t\t\t\t\t\t\t<\/div>\n\t\t<\/div>\n\t\t\t\t<\/div>\n\t\t\t\t<\/div>\n\t\t\t\t<div class=\"elementor-element elementor-element-c8a3c28 elementor-view-stacked elementor-position-left elementor-shape-circle elementor-vertical-align-top elementor-invisible elementor-widget elementor-widget-icon-box\" data-id=\"c8a3c28\" data-element_type=\"widget\" data-settings=\"{&quot;_animation&quot;:&quot;fadeIn&quot;,&quot;_animation_delay&quot;:200}\" data-widget_type=\"icon-box.default\">\n\t\t\t\t<div class=\"elementor-widget-container\">\n\t\t\t\t\t<div class=\"elementor-icon-box-wrapper\">\n\t\t\t\t\t\t<div class=\"elementor-icon-box-icon\">\n\t\t\t\t<span class=\"elementor-icon elementor-animation-\" >\n\t\t\t\t<i aria-hidden=\"true\" class=\"fas fa-balance-scale\"><\/i>\t\t\t\t<\/span>\n\t\t\t<\/div>\n\t\t\t\t\t\t<div class=\"elementor-icon-box-content\">\n\t\t\t\t<h3 class=\"elementor-icon-box-title\">\n\t\t\t\t\t<span >Konsalting za usluge advokata i procenitelja<\/span>\n\t\t\t\t<\/h3>\n\t\t\t\t\t\t\t\t<p class=\"elementor-icon-box-description\">Na\u0161 advokatski tim \u0107e u svakom trenutku provjeriti kompletnu dokumentaciju i uvijek Vam biti na raspolaganju po bilo kojem pravnom pitanju.<\/p>\n\t\t\t\t\t\t\t<\/div>\n\t\t<\/div>\n\t\t\t\t<\/div>\n\t\t\t\t<\/div>\n\t\t\t\t\t<\/div>\n\t\t<\/div>\n\t\t\t\t<div class=\"elementor-column elementor-col-50 elementor-inner-column elementor-element elementor-element-cd23468 elementor-hidden-phone\" data-id=\"cd23468\" data-element_type=\"column\" data-settings=\"{&quot;background_background&quot;:&quot;classic&quot;}\">\n\t\t\t<div class=\"elementor-widget-wrap\">\n\t\t\t\t\t\t\t\t\t<\/div>\n\t\t<\/div>\n\t\t\t\t\t\t\t<\/div>\n\t\t<\/section>\n\t\t\t\t\t<\/div>\n\t\t<\/div>\n\t\t\t\t\t\t\t<\/div>\n\t\t<\/section>\n\t\t\t\t\t\t<\/div>\n\t\t\t\t\t<\/div>\n\t\t","protected":false},"excerpt":{"rendered":"<p>Najnovije nekretnine cancle filter 1 Featured Vila u Prcnju kod Kotora 3,300,000 \u20ac Vila je udaljena samo \u010detiri metra od mora u Prcnju kod Kotora. Ku\u0107a je povr\u0161ine 497 m na [more] Vila je udaljena samo \u010detiri metra od mora u Prcnju kod Kotora. Ku\u0107a je povr\u0161ine 497 m na parceli od 1570 m2. U dvo [more] 4 2 497 m2details My Place 1 &#8230;<\/p>\n","protected":false},"author":2,"featured_media":0,"parent":0,"menu_order":0,"comment_status":"closed","ping_status":"closed","template":"","meta":{"footnotes":""},"class_list":["post-18906","page","type-page","status-publish","hentry"],"_links":{"self":[{"href":"https:\/\/myplace.co.me\/en\/wp-json\/wp\/v2\/pages\/18906","targetHints":{"allow":["GET"]}}],"collection":[{"href":"https:\/\/myplace.co.me\/en\/wp-json\/wp\/v2\/pages"}],"about":[{"href":"https:\/\/myplace.co.me\/en\/wp-json\/wp\/v2\/types\/page"}],"author":[{"embeddable":true,"href":"https:\/\/myplace.co.me\/en\/wp-json\/wp\/v2\/users\/2"}],"replies":[{"embeddable":true,"href":"https:\/\/myplace.co.me\/en\/wp-json\/wp\/v2\/comments?post=18906"}],"version-history":[{"count":3,"href":"https:\/\/myplace.co.me\/en\/wp-json\/wp\/v2\/pages\/18906\/revisions"}],"predecessor-version":[{"id":18910,"href":"https:\/\/myplace.co.me\/en\/wp-json\/wp\/v2\/pages\/18906\/revisions\/18910"}],"wp:attachment":[{"href":"https:\/\/myplace.co.me\/en\/wp-json\/wp\/v2\/media?parent=18906"}],"curies":[{"name":"wp","href":"https:\/\/api.w.org\/{rel}","templated":true}]}}